{"id":627,"date":"2024-06-24T14:31:35","date_gmt":"2024-06-24T11:31:35","guid":{"rendered":"https:\/\/izakaya.ee\/?page_id=627"},"modified":"2024-07-27T12:45:54","modified_gmt":"2024-07-27T09:45:54","slug":"sushikoolitus","status":"publish","type":"page","link":"https:\/\/izakaya.ee\/en\/sushikoolitus\/","title":{"rendered":"Sushikoolitus"},"content":{"rendered":"<div data-elementor-type=\"wp-page\" data-elementor-id=\"627\" class=\"elementor elementor-627\" data-elementor-post-type=\"page\">\n\t\t\t\t<div class=\"elementor-element elementor-element-6a0b910 e-grid e-con-boxed e-con e-parent\" data-id=\"6a0b910\" data-element_type=\"container\" data-e-type=\"container\">\n\t\t\t\t\t<div class=\"e-con-inner\">\n\t\t<div class=\"elementor-element elementor-element-dc2165e e-con-full e-flex e-con e-child\" data-id=\"dc2165e\" data-element_type=\"container\" data-e-type=\"container\">\n\t\t\t\t<div class=\"elementor-element elementor-element-d485a2c elementor-widget elementor-widget-heading\" data-id=\"d485a2c\" data-element_type=\"widget\" data-e-type=\"widget\" data-widget_type=\"heading.default\">\n\t\t\t\t<div class=\"elementor-widget-container\">\n\t\t\t\t\t<h2 class=\"elementor-heading-title elementor-size-default\">Sushi valmistamise meistriklass<\/h2>\t\t\t\t<\/div>\n\t\t\t\t<\/div>\n\t\t\t\t<div class=\"elementor-element elementor-element-b8e3c51 elementor-widget elementor-widget-text-editor\" data-id=\"b8e3c51\" data-element_type=\"widget\" data-e-type=\"widget\" data-widget_type=\"text-editor.default\">\n\t\t\t\t<div class=\"elementor-widget-container\">\n\t\t\t\t\t\t\t\t\t<h5>Izakaya ootab Sind sushi valmistamise koolitusele.<\/h5>\t\t\t\t\t\t\t\t<\/div>\n\t\t\t\t<\/div>\n\t\t\t\t<div class=\"elementor-element elementor-element-e0d8056 elementor-widget elementor-widget-text-editor\" data-id=\"e0d8056\" data-element_type=\"widget\" data-e-type=\"widget\" data-widget_type=\"text-editor.default\">\n\t\t\t\t<div class=\"elementor-widget-container\">\n\t\t\t\t\t\t\t\t\t<h5>V\u00f5ta kaasa 6-20 s\u00f5pra ja tule veeda 2-3 tundi meie seltsis.<br \/>Koolituse l\u00e4bimiseks pakume enda poolt tooraine ning t\u00f6\u00f6vahendid \u2013 l\u00f5ikelaud, riisimatt ja nuga.<\/h5>\t\t\t\t\t\t\t\t<\/div>\n\t\t\t\t<\/div>\n\t\t\t\t<div class=\"elementor-element elementor-element-2f8bb16 elementor-widget elementor-widget-text-editor\" data-id=\"2f8bb16\" data-element_type=\"widget\" data-e-type=\"widget\" data-widget_type=\"text-editor.default\">\n\t\t\t\t<div class=\"elementor-widget-container\">\n\t\t\t\t\t\t\t\t\t<h5>Meistriklassi ajal valmistame \u00fche futomaki, v\u00e4iksemaid traditsioonilisi hosomakisid ning kaks nigirit. K\u00f5ik muidugi sinu enda v\u00e4lja valitud komponentidega. Enda poolt valmistatud sushi saad hiljem \u00e4ra s\u00fc\u00fca v\u00f5i kaasa v\u00f5tta.<\/h5>\t\t\t\t\t\t\t\t<\/div>\n\t\t\t\t<\/div>\n\t\t\t\t<div class=\"elementor-element elementor-element-3be27d6 elementor-widget elementor-widget-text-editor\" data-id=\"3be27d6\" data-element_type=\"widget\" data-e-type=\"widget\" data-widget_type=\"text-editor.default\">\n\t\t\t\t<div class=\"elementor-widget-container\">\n\t\t\t\t\t\t\t\t\t<h5>Rullide meisterdamise ajal r\u00e4\u00e4gime sushi ajaloost, Izakaya sushirullide valmistamise meetoditest, kuidas kodus k\u00f5ige maitsvamaid rulle kokku keerata ning kust tasub soetada k\u00f5ige kvaliteetsemat toorainet.<\/h5>\t\t\t\t\t\t\t\t<\/div>\n\t\t\t\t<\/div>\n\t\t\t\t<div class=\"elementor-element elementor-element-fac3750 elementor-widget elementor-widget-text-editor\" data-id=\"fac3750\" data-element_type=\"widget\" data-e-type=\"widget\" data-widget_type=\"text-editor.default\">\n\t\t\t\t<div class=\"elementor-widget-container\">\n\t\t\t\t\t\t\t\t\t<h5>Koolituse maksumus on 60\u20ac\/inimese kohta, mis sisaldab lisaks eelpool mainitule ka joogi sobitamist (Choya ploomivein, Kirin Ichiban \u00f5lu v\u00f5i karastusjook).<\/h5>\t\t\t\t\t\t\t\t<\/div>\n\t\t\t\t<\/div>\n\t\t\t\t<div class=\"elementor-element elementor-element-0c17e43 elementor-widget elementor-widget-text-editor\" data-id=\"0c17e43\" data-element_type=\"widget\" data-e-type=\"widget\" data-widget_type=\"text-editor.default\">\n\t\t\t\t<div class=\"elementor-widget-container\">\n\t\t\t\t\t\t\t\t\t<h5>Aja broneerimiseks kirjuta meile \u2013 <a href=\"mailto:hello@izakaya.ee\">hello@izakaya.ee<\/a><\/h5>\t\t\t\t\t\t\t\t<\/div>\n\t\t\t\t<\/div>\n\t\t\t\t<div class=\"elementor-element elementor-element-9916c14 elementor-align-center elementor-widget elementor-widget-button\" data-id=\"9916c14\" data-element_type=\"widget\" data-e-type=\"widget\" data-widget_type=\"button.default\">\n\t\t\t\t<div class=\"elementor-widget-container\">\n\t\t\t\t\t\t\t\t\t<div class=\"elementor-button-wrapper\">\n\t\t\t\t\t<a class=\"elementor-button elementor-button-link elementor-size-sm\" href=\"mailto:%20hello@izakaya.ee\" target=\"_blank\">\n\t\t\t\t\t\t<span class=\"elementor-button-content-wrapper\">\n\t\t\t\t\t\t\t\t\t<span class=\"elementor-button-text\">Kirjuta meile<\/span>\n\t\t\t\t\t<\/span>\n\t\t\t\t\t<\/a>\n\t\t\t\t<\/div>\n\t\t\t\t\t\t\t\t<\/div>\n\t\t\t\t<\/div>\n\t\t\t\t<\/div>\n\t\t\t\t<div class=\"elementor-element elementor-element-9e85475 elementor-widget elementor-widget-image\" data-id=\"9e85475\" data-element_type=\"widget\" data-e-type=\"widget\" data-widget_type=\"image.default\">\n\t\t\t\t<div class=\"elementor-widget-container\">\n\t\t\t\t\t\t\t\t\t\t\t\t\t\t\t<img fetchpriority=\"high\" decoding=\"async\" width=\"768\" height=\"1152\" src=\"https:\/\/izakaya.ee\/wp-content\/uploads\/2024\/07\/DSD04577-768x1152.jpg\" class=\"attachment-medium_large size-medium_large wp-image-926\" alt=\"Sushikoolitus Izakaya\" srcset=\"https:\/\/izakaya.ee\/wp-content\/uploads\/2024\/07\/DSD04577-768x1152.jpg 768w, https:\/\/izakaya.ee\/wp-content\/uploads\/2024\/07\/DSD04577-200x300.jpg 200w, https:\/\/izakaya.ee\/wp-content\/uploads\/2024\/07\/DSD04577-683x1024.jpg 683w, https:\/\/izakaya.ee\/wp-content\/uploads\/2024\/07\/DSD04577-1024x1536.jpg 1024w, https:\/\/izakaya.ee\/wp-content\/uploads\/2024\/07\/DSD04577-1365x2048.jpg 1365w, https:\/\/izakaya.ee\/wp-content\/uploads\/2024\/07\/DSD04577-scaled.jpg 1706w\" sizes=\"(max-width: 768px) 100vw, 768px\" \/>\t\t\t\t\t\t\t\t\t\t\t\t\t\t\t<\/div>\n\t\t\t\t<\/div>\n\t\t\t\t\t<\/div>\n\t\t\t\t<\/div>\n\t\t\t\t<\/div>","protected":false},"excerpt":{"rendered":"<p>Sushi valmistamise meistriklass Izakaya ootab Sind sushi valmistamise koolitusele. V\u00f5ta kaasa 6-20 s\u00f5pra ja tule veeda 2-3 tundi meie seltsis.Koolituse l\u00e4bimiseks pakume enda poolt tooraine ning t\u00f6\u00f6vahendid \u2013 l\u00f5ikelaud, riisimatt ja nuga. Meistriklassi ajal valmistame \u00fche futomaki, v\u00e4iksemaid traditsioonilisi hosomakisid ning kaks nigirit. K\u00f5ik muidugi sinu enda v\u00e4lja valitud komponentidega. Enda poolt valmistatud sushi saad [&hellip;]<\/p>\n","protected":false},"author":1,"featured_media":0,"parent":0,"menu_order":0,"comment_status":"closed","ping_status":"closed","template":"","meta":{"footnotes":""},"class_list":["post-627","page","type-page","status-publish","hentry"],"_links":{"self":[{"href":"https:\/\/izakaya.ee\/en\/wp-json\/wp\/v2\/pages\/627","targetHints":{"allow":["GET"]}}],"collection":[{"href":"https:\/\/izakaya.ee\/en\/wp-json\/wp\/v2\/pages"}],"about":[{"href":"https:\/\/izakaya.ee\/en\/wp-json\/wp\/v2\/types\/page"}],"author":[{"embeddable":true,"href":"https:\/\/izakaya.ee\/en\/wp-json\/wp\/v2\/users\/1"}],"replies":[{"embeddable":true,"href":"https:\/\/izakaya.ee\/en\/wp-json\/wp\/v2\/comments?post=627"}],"version-history":[{"count":49,"href":"https:\/\/izakaya.ee\/en\/wp-json\/wp\/v2\/pages\/627\/revisions"}],"predecessor-version":[{"id":1031,"href":"https:\/\/izakaya.ee\/en\/wp-json\/wp\/v2\/pages\/627\/revisions\/1031"}],"wp:attachment":[{"href":"https:\/\/izakaya.ee\/en\/wp-json\/wp\/v2\/media?parent=627"}],"curies":[{"name":"wp","href":"https:\/\/api.w.org\/{rel}","templated":true}]}}