{"id":494,"date":"2024-06-03T22:49:38","date_gmt":"2024-06-03T19:49:38","guid":{"rendered":"https:\/\/izakaya.ee\/?page_id=494"},"modified":"2024-07-27T12:45:25","modified_gmt":"2024-07-27T09:45:25","slug":"broneering","status":"publish","type":"page","link":"https:\/\/izakaya.ee\/en\/broneering\/","title":{"rendered":"Broneering"},"content":{"rendered":"<div data-elementor-type=\"wp-page\" data-elementor-id=\"494\" class=\"elementor elementor-494\" data-elementor-post-type=\"page\">\n\t\t\t\t<div class=\"elementor-element elementor-element-9966b79 e-flex e-con-boxed e-con e-parent\" data-id=\"9966b79\" data-element_type=\"container\" data-e-type=\"container\">\n\t\t\t\t\t<div class=\"e-con-inner\">\n\t\t\t\t<div class=\"elementor-element elementor-element-88ede3f elementor-widget elementor-widget-heading\" data-id=\"88ede3f\" data-element_type=\"widget\" data-e-type=\"widget\" data-widget_type=\"heading.default\">\n\t\t\t\t<div class=\"elementor-widget-container\">\n\t\t\t\t\t<h2 class=\"elementor-heading-title elementor-size-default\">Tere tulemast Izakaya restorani! <\/h2>\t\t\t\t<\/div>\n\t\t\t\t<\/div>\n\t\t\t\t<div class=\"elementor-element elementor-element-8e4a292 elementor-widget elementor-widget-text-editor\" data-id=\"8e4a292\" data-element_type=\"widget\" data-e-type=\"widget\" data-widget_type=\"text-editor.default\">\n\t\t\t\t<div class=\"elementor-widget-container\">\n\t\t\t\t\t\t\t\t\t<h5>Izakaya on koht, kus saavad kokku suurep\u00e4rane toit ja meeldiv atmosf\u00e4\u00e4r.<\/h5><h5>Oleme loonud eraldi lehe, et saaksid mugavalt broneerida laua meie restoranis ning nautida meie imelist k\u00f6\u00f6ki ja k\u00fclalislahkust.<\/h5>\t\t\t\t\t\t\t\t<\/div>\n\t\t\t\t<\/div>\n\t\t\t\t\t<\/div>\n\t\t\t\t<\/div>\n\t\t<div class=\"elementor-element elementor-element-64d7933 e-grid e-con-boxed e-con e-parent\" data-id=\"64d7933\" data-element_type=\"container\" data-e-type=\"container\">\n\t\t\t\t\t<div class=\"e-con-inner\">\n\t\t<div class=\"elementor-element elementor-element-cd1ce8f e-con-full e-flex e-con e-child\" data-id=\"cd1ce8f\" data-element_type=\"container\" data-e-type=\"container\">\n\t\t\t\t<div class=\"elementor-element elementor-element-1235532 elementor-widget elementor-widget-heading\" data-id=\"1235532\" data-element_type=\"widget\" data-e-type=\"widget\" data-widget_type=\"heading.default\">\n\t\t\t\t<div class=\"elementor-widget-container\">\n\t\t\t\t\t<h2 class=\"elementor-heading-title elementor-size-default\">Kuidas broneerida?<\/h2>\t\t\t\t<\/div>\n\t\t\t\t<\/div>\n\t\t\t\t<div class=\"elementor-element elementor-element-e88d7e4 elementor-widget elementor-widget-text-editor\" data-id=\"e88d7e4\" data-element_type=\"widget\" data-e-type=\"widget\" data-widget_type=\"text-editor.default\">\n\t\t\t\t<div class=\"elementor-widget-container\">\n\t\t\t\t\t\t\t\t\t<p>1. Seltskond kuni 8 inimest<\/p>\t\t\t\t\t\t\t\t<\/div>\n\t\t\t\t<\/div>\n\t\t\t\t<div class=\"elementor-element elementor-element-037b01a elementor-widget elementor-widget-text-editor\" data-id=\"037b01a\" data-element_type=\"widget\" data-e-type=\"widget\" data-widget_type=\"text-editor.default\">\n\t\t\t\t<div class=\"elementor-widget-container\">\n\t\t\t\t\t\t\t\t\t<h5>Kui teie seltskond on kuni 8 inimest, saate broneeringu teha mugavalt veebis. Vajutage lihtsalt allolevale nupule, mis suunab teid meie Table Online lehele, ja t\u00e4itke vajalikud andmed. Meie s\u00fcsteem hoolitseb \u00fclej\u00e4\u00e4nu eest!<\/h5>\t\t\t\t\t\t\t\t<\/div>\n\t\t\t\t<\/div>\n\t\t\t\t<div class=\"elementor-element elementor-element-ecff692 elementor-align-center elementor-mobile-align-right elementor-widget elementor-widget-button\" data-id=\"ecff692\" data-element_type=\"widget\" data-e-type=\"widget\" data-widget_type=\"button.default\">\n\t\t\t\t<div class=\"elementor-widget-container\">\n\t\t\t\t\t\t\t\t\t<div class=\"elementor-button-wrapper\">\n\t\t\t\t\t<a class=\"elementor-button elementor-button-link elementor-size-sm\" href=\"https:\/\/www.tableonline.fi\/ee\/tallinn\/sushi-plaza-kalamaja-izakaya\/1285\" target=\"_blank\">\n\t\t\t\t\t\t<span class=\"elementor-button-content-wrapper\">\n\t\t\t\t\t\t\t\t\t<span class=\"elementor-button-text\">Broneeri laud<\/span>\n\t\t\t\t\t<\/span>\n\t\t\t\t\t<\/a>\n\t\t\t\t<\/div>\n\t\t\t\t\t\t\t\t<\/div>\n\t\t\t\t<\/div>\n\t\t\t\t<div class=\"elementor-element elementor-element-47d5fbd elementor-widget elementor-widget-spacer\" data-id=\"47d5fbd\" data-element_type=\"widget\" data-e-type=\"widget\" data-widget_type=\"spacer.default\">\n\t\t\t\t<div class=\"elementor-widget-container\">\n\t\t\t\t\t\t\t<div class=\"elementor-spacer\">\n\t\t\t<div class=\"elementor-spacer-inner\"><\/div>\n\t\t<\/div>\n\t\t\t\t\t\t<\/div>\n\t\t\t\t<\/div>\n\t\t\t\t<div class=\"elementor-element elementor-element-33db8a1 elementor-widget elementor-widget-text-editor\" data-id=\"33db8a1\" data-element_type=\"widget\" data-e-type=\"widget\" data-widget_type=\"text-editor.default\">\n\t\t\t\t<div class=\"elementor-widget-container\">\n\t\t\t\t\t\t\t\t\t<p>2. Seltskond suurem kui 8 inimest<\/p>\t\t\t\t\t\t\t\t<\/div>\n\t\t\t\t<\/div>\n\t\t\t\t<div class=\"elementor-element elementor-element-f87c2c8 elementor-widget elementor-widget-text-editor\" data-id=\"f87c2c8\" data-element_type=\"widget\" data-e-type=\"widget\" data-widget_type=\"text-editor.default\">\n\t\t\t\t<div class=\"elementor-widget-container\">\n\t\t\t\t\t\t\t\t\t<h5>Kui teie seltskond on suurem kui 8 inimest, soovime teile pakkuda parimat v\u00f5imalikku kogemust. Seep\u00e4rast palume teil saata oma broneeringu soov emailile: <a href=\"mailto:hello@izakaya.ee\" rel=\"noreferrer\">hello@izakaya.ee<\/a>. Kirjutage oma soovitud kuup\u00e4ev, kellaaeg ja inimeste arv, et saaksime teid paremini teenindada.<\/h5>\t\t\t\t\t\t\t\t<\/div>\n\t\t\t\t<\/div>\n\t\t\t\t<div class=\"elementor-element elementor-element-7a65fba elementor-align-center elementor-widget elementor-widget-button\" data-id=\"7a65fba\" data-element_type=\"widget\" data-e-type=\"widget\" data-widget_type=\"button.default\">\n\t\t\t\t<div class=\"elementor-widget-container\">\n\t\t\t\t\t\t\t\t\t<div class=\"elementor-button-wrapper\">\n\t\t\t\t\t<a class=\"elementor-button elementor-button-link elementor-size-sm\" href=\"mailto:%20hello@izakaya.ee\" target=\"_blank\">\n\t\t\t\t\t\t<span class=\"elementor-button-content-wrapper\">\n\t\t\t\t\t\t\t\t\t<span class=\"elementor-button-text\">Kirjuta meile<\/span>\n\t\t\t\t\t<\/span>\n\t\t\t\t\t<\/a>\n\t\t\t\t<\/div>\n\t\t\t\t\t\t\t\t<\/div>\n\t\t\t\t<\/div>\n\t\t\t\t<div class=\"elementor-element elementor-element-b5f4eb5 elementor-widget elementor-widget-spacer\" data-id=\"b5f4eb5\" data-element_type=\"widget\" data-e-type=\"widget\" data-widget_type=\"spacer.default\">\n\t\t\t\t<div class=\"elementor-widget-container\">\n\t\t\t\t\t\t\t<div class=\"elementor-spacer\">\n\t\t\t<div class=\"elementor-spacer-inner\"><\/div>\n\t\t<\/div>\n\t\t\t\t\t\t<\/div>\n\t\t\t\t<\/div>\n\t\t\t\t<\/div>\n\t\t\t\t<div class=\"elementor-element elementor-element-115a1b7 elementor-widget elementor-widget-image\" data-id=\"115a1b7\" data-element_type=\"widget\" data-e-type=\"widget\" data-widget_type=\"image.default\">\n\t\t\t\t<div class=\"elementor-widget-container\">\n\t\t\t\t\t\t\t\t\t\t\t\t\t\t\t<img fetchpriority=\"high\" decoding=\"async\" width=\"768\" height=\"510\" src=\"https:\/\/izakaya.ee\/wp-content\/uploads\/2024\/06\/Screenshot-2024-06-24-at-14.17.03-768x510.png\" class=\"attachment-medium_large size-medium_large wp-image-607\" alt=\"\" srcset=\"https:\/\/izakaya.ee\/wp-content\/uploads\/2024\/06\/Screenshot-2024-06-24-at-14.17.03-768x510.png 768w, https:\/\/izakaya.ee\/wp-content\/uploads\/2024\/06\/Screenshot-2024-06-24-at-14.17.03-300x199.png 300w, https:\/\/izakaya.ee\/wp-content\/uploads\/2024\/06\/Screenshot-2024-06-24-at-14.17.03-1024x681.png 1024w, https:\/\/izakaya.ee\/wp-content\/uploads\/2024\/06\/Screenshot-2024-06-24-at-14.17.03.png 1348w\" sizes=\"(max-width: 768px) 100vw, 768px\" \/>\t\t\t\t\t\t\t\t\t\t\t\t\t\t\t<\/div>\n\t\t\t\t<\/div>\n\t\t\t\t\t<\/div>\n\t\t\t\t<\/div>\n\t\t<div class=\"elementor-element elementor-element-2355753 e-flex e-con-boxed e-con e-parent\" data-id=\"2355753\" data-element_type=\"container\" data-e-type=\"container\">\n\t\t\t\t\t<div class=\"e-con-inner\">\n\t\t\t\t<div class=\"elementor-element elementor-element-eac40da elementor-widget elementor-widget-text-editor\" data-id=\"eac40da\" data-element_type=\"widget\" data-e-type=\"widget\" data-widget_type=\"text-editor.default\">\n\t\t\t\t<div class=\"elementor-widget-container\">\n\t\t\t\t\t\t\t\t\t<h1>Ootame teid Izakaya restoranis!<\/h1>\t\t\t\t\t\t\t\t<\/div>\n\t\t\t\t<\/div>\n\t\t\t\t\t<\/div>\n\t\t\t\t<\/div>\n\t\t\t\t<\/div>","protected":false},"excerpt":{"rendered":"<p>Tere tulemast Izakaya restorani! Izakaya on koht, kus saavad kokku suurep\u00e4rane toit ja meeldiv atmosf\u00e4\u00e4r. Oleme loonud eraldi lehe, et saaksid mugavalt broneerida laua meie restoranis ning nautida meie imelist k\u00f6\u00f6ki ja k\u00fclalislahkust. Kuidas broneerida? 1. Seltskond kuni 8 inimest Kui teie seltskond on kuni 8 inimest, saate broneeringu teha mugavalt veebis. Vajutage lihtsalt allolevale [&hellip;]<\/p>\n","protected":false},"author":1,"featured_media":0,"parent":0,"menu_order":0,"comment_status":"closed","ping_status":"closed","template":"","meta":{"footnotes":""},"class_list":["post-494","page","type-page","status-publish","hentry"],"_links":{"self":[{"href":"https:\/\/izakaya.ee\/en\/wp-json\/wp\/v2\/pages\/494","targetHints":{"allow":["GET"]}}],"collection":[{"href":"https:\/\/izakaya.ee\/en\/wp-json\/wp\/v2\/pages"}],"about":[{"href":"https:\/\/izakaya.ee\/en\/wp-json\/wp\/v2\/types\/page"}],"author":[{"embeddable":true,"href":"https:\/\/izakaya.ee\/en\/wp-json\/wp\/v2\/users\/1"}],"replies":[{"embeddable":true,"href":"https:\/\/izakaya.ee\/en\/wp-json\/wp\/v2\/comments?post=494"}],"version-history":[{"count":84,"href":"https:\/\/izakaya.ee\/en\/wp-json\/wp\/v2\/pages\/494\/revisions"}],"predecessor-version":[{"id":1028,"href":"https:\/\/izakaya.ee\/en\/wp-json\/wp\/v2\/pages\/494\/revisions\/1028"}],"wp:attachment":[{"href":"https:\/\/izakaya.ee\/en\/wp-json\/wp\/v2\/media?parent=494"}],"curies":[{"name":"wp","href":"https:\/\/api.w.org\/{rel}","templated":true}]}}